{"id":20,"date":"2009-08-17T22:44:44","date_gmt":"2009-08-18T00:44:44","guid":{"rendered":"http:\/\/www.biomaes.com.br\/?page_id=20"},"modified":"2009-08-17T22:44:44","modified_gmt":"2009-08-18T00:44:44","slug":"site-em-construcao","status":"publish","type":"page","link":"https:\/\/biomaes.com.br\/","title":{"rendered":"Bioma"},"content":{"rendered":"<p><span style=\"color: #003300;\">A Bioma Estudos Ambientais \u00e9 uma empresa atuante na \u00e1rea de consultoria ambiental. Est\u00e1 h\u00e1 17 anos no mercado oferecendo servi\u00e7os de qualidade, contribuindo para que o meio ambiente seja utilizado com responsabilidade. <\/span><\/p>\n\n\n<p><\/p>\n","protected":false},"excerpt":{"rendered":"<p>A Bioma Estudos Ambientais \u00e9 uma empresa atuante na \u00e1rea de consultoria ambiental. Est\u00e1 h\u00e1 17 anos no mercado oferecendo servi\u00e7os de qualidade, contribuindo para que o meio ambiente seja utilizado com responsabilidade.<\/p>\n","protected":false},"author":1,"featured_media":0,"parent":0,"menu_order":0,"comment_status":"closed","ping_status":"closed","template":"page-nosidebar.php","meta":{"footnotes":""},"class_list":["post-20","page","type-page","status-publish","hentry"],"_links":{"self":[{"href":"https:\/\/biomaes.com.br\/index.php?rest_route=\/wp\/v2\/pages\/20","targetHints":{"allow":["GET"]}}],"collection":[{"href":"https:\/\/biomaes.com.br\/index.php?rest_route=\/wp\/v2\/pages"}],"about":[{"href":"https:\/\/biomaes.com.br\/index.php?rest_route=\/wp\/v2\/types\/page"}],"author":[{"embeddable":true,"href":"https:\/\/biomaes.com.br\/index.php?rest_route=\/wp\/v2\/users\/1"}],"replies":[{"embeddable":true,"href":"https:\/\/biomaes.com.br\/index.php?rest_route=%2Fwp%2Fv2%2Fcomments&post=20"}],"version-history":[{"count":0,"href":"https:\/\/biomaes.com.br\/index.php?rest_route=\/wp\/v2\/pages\/20\/revisions"}],"wp:attachment":[{"href":"https:\/\/biomaes.com.br\/index.php?rest_route=%2Fwp%2Fv2%2Fmedia&parent=20"}],"curies":[{"name":"wp","href":"https:\/\/api.w.org\/{rel}","templated":true}]}}