{"id":6,"date":"2009-08-17T21:43:57","date_gmt":"2009-08-17T23:43:57","guid":{"rendered":"http:\/\/www.biomaes.com.br\/?page_id=3"},"modified":"2009-08-17T21:43:57","modified_gmt":"2009-08-17T23:43:57","slug":"clientes","status":"publish","type":"page","link":"https:\/\/biomaes.com.br\/?page_id=6","title":{"rendered":"Clientes"},"content":{"rendered":"<ul>\n<li>AB3 Consultores e Auditores Ambientais<\/li>\n<li>Ambientalis Consultoria Ambiental<\/li>\n<li>ArcelorMittal Tubar\u00e3o<\/li>\n<li>BR Distribuidora<\/li>\n<li>Construcap Engenharia e Comercio Ltda.<\/li>\n<li>CPVV &#8211; Companhia Portu\u00e1ria Vila Velha<\/li>\n<li>Petrobras S.A.<\/li>\n<li>Samarco Minera\u00e7\u00e3o<\/li>\n<li>THM Engenharia<\/li>\n<\/ul>\n<p>\n<a title=\"Bioma Estudos Ambientais\" href=\"http:\/\/www.biomaes.com.br\/\" target=\"_self\" rel=\"noopener noreferrer\">P\u00e1gina Principal<\/a><\/p>\n","protected":false},"excerpt":{"rendered":"<p>AB3 Consultores e Auditores Ambientais Ambientalis Consultoria Ambiental ArcelorMittal Tubar\u00e3o BR Distribuidora Construcap Engenharia e Comercio Ltda. CPVV &#8211; Companhia Portu\u00e1ria Vila Velha Petrobras S.A. Samarco Minera\u00e7\u00e3o THM Engenharia P\u00e1gina Principal<\/p>\n","protected":false},"author":1,"featured_media":0,"parent":0,"menu_order":2,"comment_status":"closed","ping_status":"closed","template":"page-nosidebar.php","meta":{"footnotes":""},"class_list":["post-6","page","type-page","status-publish","hentry"],"_links":{"self":[{"href":"https:\/\/biomaes.com.br\/index.php?rest_route=\/wp\/v2\/pages\/6","targetHints":{"allow":["GET"]}}],"collection":[{"href":"https:\/\/biomaes.com.br\/index.php?rest_route=\/wp\/v2\/pages"}],"about":[{"href":"https:\/\/biomaes.com.br\/index.php?rest_route=\/wp\/v2\/types\/page"}],"author":[{"embeddable":true,"href":"https:\/\/biomaes.com.br\/index.php?rest_route=\/wp\/v2\/users\/1"}],"replies":[{"embeddable":true,"href":"https:\/\/biomaes.com.br\/index.php?rest_route=%2Fwp%2Fv2%2Fcomments&post=6"}],"version-history":[{"count":0,"href":"https:\/\/biomaes.com.br\/index.php?rest_route=\/wp\/v2\/pages\/6\/revisions"}],"wp:attachment":[{"href":"https:\/\/biomaes.com.br\/index.php?rest_route=%2Fwp%2Fv2%2Fmedia&parent=6"}],"curies":[{"name":"wp","href":"https:\/\/api.w.org\/{rel}","templated":true}]}}